{"id":55,"date":"2021-04-20T18:34:14","date_gmt":"2021-04-20T18:34:14","guid":{"rendered":"https:\/\/conjuntoberakhah.com\/?page_id=55"},"modified":"2026-04-09T22:39:45","modified_gmt":"2026-04-09T22:39:45","slug":"contacto-velez-illingworth-abogados-en-ecuador","status":"publish","type":"page","link":"https:\/\/velezillingworth.com\/en\/contacto-velez-illingworth-abogados-en-ecuador\/","title":{"rendered":"Contact Us"},"content":{"rendered":"<div class=\"et_pb_section_0 et_pb_section et_section_regular et_block_section\"><div class=\"et_pb_row_0 et_pb_row et_pb_gutters1 et_block_row et_animated\"><div class=\"et_pb_column_0 et_pb_column et_pb_column_2_3 et_block_column et_pb_css_mix_blend_mode_passthrough\"><div class=\"et_pb_contact_form_0 et_pb_contact_form_container clearfix et_pb_module et_flex_module\" data-form_unique_num=\"0\" data-form_unique_id=\"25770d83-f0d8-45de-a478-8c5de6f67a8a\" id=\"et_pb_contact_form_0\"><h1 class=\"et_pb_contact_main_title\">Cont\u00e1ctenos<\/h1><div class=\"et-pb-contact-message\"><\/div><div class=\"et_pb_contact\"><form class=\"et_pb_contact_form et_flex_module\" method=\"post\" action=\"https:\/\/velezillingworth.com\/en\/wp-json\/wp\/v2\/pages\/55\"><div class=\"et_pb_contact_field_0 et_pb_contact_field et_pb_module et_flex_module et_flex_column_12_24 et_flex_column_12_24_tablet et_flex_column_12_24_phone\" data-id=\"nombre\" data-type=\"input\"><label class=\"et_pb_contact_form_label\" for=\"et_pb_contact_0_nombre_0\">Nombre<\/label><input type=\"text\" name=\"et_pb_contact_0_nombre_0\" id=\"et_pb_contact_0_nombre_0\" class=\"input\" data-required_mark=\"required\" data-field_type=\"input\" data-original_id=\"nombre\" placeholder=\"Nombre\" title=\"\" value=\"\" \/><\/div><div class=\"et_pb_contact_field_1 et_pb_contact_field et_pb_module et_flex_module et_flex_column_12_24 et_flex_column_12_24_tablet et_flex_column_12_24_phone\" data-id=\"apellido\" data-type=\"input\"><label class=\"et_pb_contact_form_label\" for=\"et_pb_contact_0_apellido_1\">Apellido<\/label><input type=\"text\" name=\"et_pb_contact_0_apellido_1\" id=\"et_pb_contact_0_apellido_1\" class=\"input\" data-required_mark=\"required\" data-field_type=\"input\" data-original_id=\"apellido\" placeholder=\"Apellido\" title=\"\" value=\"\" \/><\/div><div class=\"et_pb_contact_field_2 et_pb_contact_field et_pb_module et_flex_module et_flex_column_12_24 et_flex_column_12_24_tablet et_flex_column_12_24_phone\" data-id=\"email\" data-type=\"input\"><label class=\"et_pb_contact_form_label\" for=\"et_pb_contact_0_email_2\">Email<\/label><input type=\"text\" name=\"et_pb_contact_0_email_2\" id=\"et_pb_contact_0_email_2\" class=\"input\" data-required_mark=\"required\" data-field_type=\"input\" data-original_id=\"email\" placeholder=\"Email\" title=\"\" value=\"\" \/><\/div><div class=\"et_pb_contact_field_3 et_pb_contact_field et_pb_module et_flex_module et_flex_column_12_24 et_flex_column_12_24_tablet et_flex_column_12_24_phone\" data-id=\"tel\u00e9fono\" data-type=\"input\"><label class=\"et_pb_contact_form_label\" for=\"et_pb_contact_0_tel\u00e9fono_3\">Tel\u00e9fono<\/label><input type=\"text\" name=\"et_pb_contact_0_tel\u00e9fono_3\" id=\"et_pb_contact_0_tel\u00e9fono_3\" class=\"input\" data-required_mark=\"required\" data-field_type=\"input\" data-original_id=\"tel\u00e9fono\" placeholder=\"Tel\u00e9fono\" pattern=\"[0-9\\s\\-]*\" title=\"Only numbers allowed.\" value=\"\" \/><\/div><div class=\"et_pb_contact_field_4 et_pb_contact_field et_pb_module et_flex_module et_flex_column_24_24 et_flex_column_24_24_tablet et_flex_column_24_24_phone\" data-id=\"mensaje\" data-type=\"text\"><label class=\"et_pb_contact_form_label\" for=\"et_pb_contact_0_mensaje_4\">Mensaje<\/label><textarea name=\"et_pb_contact_0_mensaje_4\" id=\"et_pb_contact_0_mensaje_4\" class=\"et_pb_contact_message input\" data-required_mark=\"required\" data-field_type=\"text\" data-original_id=\"mensaje\" placeholder=\"Mensaje\"><\/textarea><\/div><input type=\"hidden\" name=\"et_pb_contactform_submit_25770d83-f0d8-45de-a478-8c5de6f67a8a\" value=\"et_contact_proccess\" \/><div class=\"et_contact_bottom_container\"><div class=\"et_pb_button_wrapper\"><button type=\"submit\" name=\"et_builder_submit_button\" class=\"et_pb_button et_pb_contact_submit\">Enviar<\/button><\/div><\/div><input type=\"hidden\" id=\"_wpnonce-et-pb-contact-form-submitted-25770d83-f0d8-45de-a478-8c5de6f67a8a\" name=\"_wpnonce-et-pb-contact-form-submitted-25770d83-f0d8-45de-a478-8c5de6f67a8a\" value=\"9f8c592b72\" \/><input type=\"hidden\" name=\"_wp_http_referer\" value=\"\/en\/wp-json\/wp\/v2\/pages\/55\" \/><\/form><\/div><\/div><\/div><div class=\"et_pb_column_1 et_pb_column et_pb_column_1_3 et-last-child et_block_column et_pb_css_mix_blend_mode_passthrough\"><div class=\"et_pb_text_0 et_pb_text et_pb_bg_layout_dark et_pb_module et_block_module\"><div class=\"et_pb_text_inner\"><h2>Informaci\u00f3n<\/h2>\n<p>Quito | Tumbaco | Cumbaya<\/p>\n<p><span>Tel\u00e9fono (Ecuador): 099 982 1782<\/span><br \/><span>Phone number (USA): +1 361 541 3723<\/span><\/p>\n<p><strong>jdavid@velezillingworth.com<\/strong><\/p>\n<\/div><\/div><ul class=\"et_pb_social_media_follow_0 et_pb_social_media_follow clearfix et_pb_bg_layout_light et_pb_module et_block_module\"><li class=\"et_pb_social_media_follow_network_0 et_pb_social_media_follow_network et_pb_social_icon et_pb_social_network_link et-social-instagram et_pb_module et_flex_module\"><a href=\"https:\/\/www.instagram.com\/conjuntoberakhah\/\" class=\"icon\" target=\"_self\" title=\"Follow on Instagram\" rel=\"noopener\"><span class=\"et_pb_social_media_follow_network_name\">Follow<\/span><\/a><\/li><\/ul><\/div><\/div><\/div>","protected":false},"excerpt":{"rendered":"<p>Contacto y coordinaci\u00f3n de consultas legales. Atenci\u00f3n bajo cita. Bufete V\u00e9lez &#038; Illingworth, Ecuador.<\/p>","protected":false},"author":1,"featured_media":276,"parent":0,"menu_order":0,"comment_status":"closed","ping_status":"closed","template":"","meta":{"footnotes":""},"class_list":["post-55","page","type-page","status-publish","has-post-thumbnail","hentry"],"yoast_head":"<!-- This site is optimized with the Yoast SEO plugin v27.4 - https:\/\/yoast.com\/product\/yoast-seo-wordpress\/ -->\n<title>Cont\u00e1ctenos - Derecho y Justicia Velez &amp; Illingworth<\/title>\n<meta name=\"description\" content=\"Contacto y coordinaci\u00f3n de consultas legales. Atenci\u00f3n bajo cita. Bufete V\u00e9lez &amp; Illingworth, Ecuador.\" \/>\n<meta name=\"robots\" content=\"index, follow, max-snippet:-1, max-image-preview:large, max-video-preview:-1\" \/>\n<link rel=\"canonical\" href=\"https:\/\/velezillingworth.com\/en\/contacto-velez-illingworth-abogados-en-ecuador\/\" \/>\n<meta property=\"og:locale\" content=\"en_US\" \/>\n<meta property=\"og:type\" content=\"article\" \/>\n<meta property=\"og:title\" content=\"Cont\u00e1ctenos - Derecho y Justicia Velez &amp; Illingworth\" \/>\n<meta property=\"og:description\" content=\"Contacto y coordinaci\u00f3n de consultas legales. Atenci\u00f3n bajo cita. Bufete V\u00e9lez &amp; Illingworth, Ecuador.\" \/>\n<meta property=\"og:url\" content=\"https:\/\/velezillingworth.com\/en\/contacto-velez-illingworth-abogados-en-ecuador\/\" \/>\n<meta property=\"og:site_name\" content=\"Derecho y Justicia Velez &amp; Illingworth\" \/>\n<meta property=\"article:publisher\" content=\"https:\/\/www.facebook.com\/velezillingworth\/?locale=es_LA\" \/>\n<meta property=\"article:modified_time\" content=\"2026-04-09T22:39:45+00:00\" \/>\n<meta property=\"og:image\" content=\"https:\/\/velezillingworth.com\/wp-content\/uploads\/2025\/12\/derecho-y-jusrticia-logo.jpeg\" \/>\n\t<meta property=\"og:image:width\" content=\"1024\" \/>\n\t<meta property=\"og:image:height\" content=\"1024\" \/>\n\t<meta property=\"og:image:type\" content=\"image\/jpeg\" \/>\n<meta name=\"twitter:card\" content=\"summary_large_image\" \/>\n<meta name=\"twitter:label1\" content=\"Est. reading time\" \/>\n\t<meta name=\"twitter:data1\" content=\"1 minute\" \/>\n<script type=\"application\/ld+json\" class=\"yoast-schema-graph\">{\"@context\":\"https:\\\/\\\/schema.org\",\"@graph\":[{\"@type\":\"WebPage\",\"@id\":\"https:\\\/\\\/velezillingworth.com\\\/contacto-velez-illingworth-abogados-en-ecuador\\\/\",\"url\":\"https:\\\/\\\/velezillingworth.com\\\/contacto-velez-illingworth-abogados-en-ecuador\\\/\",\"name\":\"Cont\u00e1ctenos - Derecho y Justicia Velez &amp; Illingworth\",\"isPartOf\":{\"@id\":\"https:\\\/\\\/velezillingworth.com\\\/#website\"},\"primaryImageOfPage\":{\"@id\":\"https:\\\/\\\/velezillingworth.com\\\/contacto-velez-illingworth-abogados-en-ecuador\\\/#primaryimage\"},\"image\":{\"@id\":\"https:\\\/\\\/velezillingworth.com\\\/contacto-velez-illingworth-abogados-en-ecuador\\\/#primaryimage\"},\"thumbnailUrl\":\"https:\\\/\\\/velezillingworth.com\\\/wp-content\\\/uploads\\\/2025\\\/12\\\/derecho-y-jusrticia-logo.jpeg\",\"datePublished\":\"2021-04-20T18:34:14+00:00\",\"dateModified\":\"2026-04-09T22:39:45+00:00\",\"description\":\"Contacto y coordinaci\u00f3n de consultas legales. Atenci\u00f3n bajo cita. Bufete V\u00e9lez & Illingworth, Ecuador.\",\"breadcrumb\":{\"@id\":\"https:\\\/\\\/velezillingworth.com\\\/contacto-velez-illingworth-abogados-en-ecuador\\\/#breadcrumb\"},\"inLanguage\":\"en-US\",\"potentialAction\":[{\"@type\":\"ReadAction\",\"target\":[\"https:\\\/\\\/velezillingworth.com\\\/contacto-velez-illingworth-abogados-en-ecuador\\\/\"]}]},{\"@type\":\"ImageObject\",\"inLanguage\":\"en-US\",\"@id\":\"https:\\\/\\\/velezillingworth.com\\\/contacto-velez-illingworth-abogados-en-ecuador\\\/#primaryimage\",\"url\":\"https:\\\/\\\/velezillingworth.com\\\/wp-content\\\/uploads\\\/2025\\\/12\\\/derecho-y-jusrticia-logo.jpeg\",\"contentUrl\":\"https:\\\/\\\/velezillingworth.com\\\/wp-content\\\/uploads\\\/2025\\\/12\\\/derecho-y-jusrticia-logo.jpeg\",\"width\":1024,\"height\":1024},{\"@type\":\"BreadcrumbList\",\"@id\":\"https:\\\/\\\/velezillingworth.com\\\/contacto-velez-illingworth-abogados-en-ecuador\\\/#breadcrumb\",\"itemListElement\":[{\"@type\":\"ListItem\",\"position\":1,\"name\":\"Portada\",\"item\":\"https:\\\/\\\/velezillingworth.com\\\/\"},{\"@type\":\"ListItem\",\"position\":2,\"name\":\"Cont\u00e1ctenos\"}]},{\"@type\":\"WebSite\",\"@id\":\"https:\\\/\\\/velezillingworth.com\\\/#website\",\"url\":\"https:\\\/\\\/velezillingworth.com\\\/\",\"name\":\"Derecho Y Justicia Bufete de Abogados S.A.\",\"description\":\"Welcome to Derecho Y Justicia Bufete de Abogados S.A. establoshed 1998.\",\"publisher\":{\"@id\":\"https:\\\/\\\/velezillingworth.com\\\/#organization\"},\"alternateName\":\"Velez & Illingworth\",\"potentialAction\":[{\"@type\":\"SearchAction\",\"target\":{\"@type\":\"EntryPoint\",\"urlTemplate\":\"https:\\\/\\\/velezillingworth.com\\\/?s={search_term_string}\"},\"query-input\":{\"@type\":\"PropertyValueSpecification\",\"valueRequired\":true,\"valueName\":\"search_term_string\"}}],\"inLanguage\":\"en-US\"},{\"@type\":\"Organization\",\"@id\":\"https:\\\/\\\/velezillingworth.com\\\/#organization\",\"name\":\"Velez & Illingworth\",\"alternateName\":\"Derecho Y Justicia Bufete de Abogados S.A.\",\"url\":\"https:\\\/\\\/velezillingworth.com\\\/\",\"logo\":{\"@type\":\"ImageObject\",\"inLanguage\":\"en-US\",\"@id\":\"https:\\\/\\\/velezillingworth.com\\\/#\\\/schema\\\/logo\\\/image\\\/\",\"url\":\"https:\\\/\\\/velezillingworth.com\\\/wp-content\\\/uploads\\\/2025\\\/12\\\/derecho-y-jusrticia-logo.jpeg\",\"contentUrl\":\"https:\\\/\\\/velezillingworth.com\\\/wp-content\\\/uploads\\\/2025\\\/12\\\/derecho-y-jusrticia-logo.jpeg\",\"width\":1024,\"height\":1024,\"caption\":\"Velez & Illingworth\"},\"image\":{\"@id\":\"https:\\\/\\\/velezillingworth.com\\\/#\\\/schema\\\/logo\\\/image\\\/\"},\"sameAs\":[\"https:\\\/\\\/www.facebook.com\\\/velezillingworth\\\/?locale=es_LA\",\"https:\\\/\\\/ec.linkedin.com\\\/company\\\/derecho-y-justicia-ec\"]}]}<\/script>\n<!-- \/ Yoast SEO plugin. -->","yoast_head_json":{"title":"Cont\u00e1ctenos - Derecho y Justicia Velez &amp; Illingworth","description":"Contacto y coordinaci\u00f3n de consultas legales. Atenci\u00f3n bajo cita. Bufete V\u00e9lez & Illingworth, Ecuador.","robots":{"index":"index","follow":"follow","max-snippet":"max-snippet:-1","max-image-preview":"max-image-preview:large","max-video-preview":"max-video-preview:-1"},"canonical":"https:\/\/velezillingworth.com\/en\/contacto-velez-illingworth-abogados-en-ecuador\/","og_locale":"en_US","og_type":"article","og_title":"Cont\u00e1ctenos - Derecho y Justicia Velez &amp; Illingworth","og_description":"Contacto y coordinaci\u00f3n de consultas legales. Atenci\u00f3n bajo cita. Bufete V\u00e9lez & Illingworth, Ecuador.","og_url":"https:\/\/velezillingworth.com\/en\/contacto-velez-illingworth-abogados-en-ecuador\/","og_site_name":"Derecho y Justicia Velez &amp; Illingworth","article_publisher":"https:\/\/www.facebook.com\/velezillingworth\/?locale=es_LA","article_modified_time":"2026-04-09T22:39:45+00:00","og_image":[{"width":1024,"height":1024,"url":"https:\/\/velezillingworth.com\/wp-content\/uploads\/2025\/12\/derecho-y-jusrticia-logo.jpeg","type":"image\/jpeg"}],"twitter_card":"summary_large_image","twitter_misc":{"Est. reading time":"1 minute"},"schema":{"@context":"https:\/\/schema.org","@graph":[{"@type":"WebPage","@id":"https:\/\/velezillingworth.com\/contacto-velez-illingworth-abogados-en-ecuador\/","url":"https:\/\/velezillingworth.com\/contacto-velez-illingworth-abogados-en-ecuador\/","name":"Cont\u00e1ctenos - Derecho y Justicia Velez &amp; Illingworth","isPartOf":{"@id":"https:\/\/velezillingworth.com\/#website"},"primaryImageOfPage":{"@id":"https:\/\/velezillingworth.com\/contacto-velez-illingworth-abogados-en-ecuador\/#primaryimage"},"image":{"@id":"https:\/\/velezillingworth.com\/contacto-velez-illingworth-abogados-en-ecuador\/#primaryimage"},"thumbnailUrl":"https:\/\/velezillingworth.com\/wp-content\/uploads\/2025\/12\/derecho-y-jusrticia-logo.jpeg","datePublished":"2021-04-20T18:34:14+00:00","dateModified":"2026-04-09T22:39:45+00:00","description":"Contacto y coordinaci\u00f3n de consultas legales. Atenci\u00f3n bajo cita. Bufete V\u00e9lez & Illingworth, Ecuador.","breadcrumb":{"@id":"https:\/\/velezillingworth.com\/contacto-velez-illingworth-abogados-en-ecuador\/#breadcrumb"},"inLanguage":"en-US","potentialAction":[{"@type":"ReadAction","target":["https:\/\/velezillingworth.com\/contacto-velez-illingworth-abogados-en-ecuador\/"]}]},{"@type":"ImageObject","inLanguage":"en-US","@id":"https:\/\/velezillingworth.com\/contacto-velez-illingworth-abogados-en-ecuador\/#primaryimage","url":"https:\/\/velezillingworth.com\/wp-content\/uploads\/2025\/12\/derecho-y-jusrticia-logo.jpeg","contentUrl":"https:\/\/velezillingworth.com\/wp-content\/uploads\/2025\/12\/derecho-y-jusrticia-logo.jpeg","width":1024,"height":1024},{"@type":"BreadcrumbList","@id":"https:\/\/velezillingworth.com\/contacto-velez-illingworth-abogados-en-ecuador\/#breadcrumb","itemListElement":[{"@type":"ListItem","position":1,"name":"Portada","item":"https:\/\/velezillingworth.com\/"},{"@type":"ListItem","position":2,"name":"Cont\u00e1ctenos"}]},{"@type":"WebSite","@id":"https:\/\/velezillingworth.com\/#website","url":"https:\/\/velezillingworth.com\/","name":"Derecho Y Justicia Bufete de Abogados S.A.","description":"Welcome to Derecho Y Justicia Bufete de Abogados S.A. establoshed 1998.","publisher":{"@id":"https:\/\/velezillingworth.com\/#organization"},"alternateName":"Velez & Illingworth","potentialAction":[{"@type":"SearchAction","target":{"@type":"EntryPoint","urlTemplate":"https:\/\/velezillingworth.com\/?s={search_term_string}"},"query-input":{"@type":"PropertyValueSpecification","valueRequired":true,"valueName":"search_term_string"}}],"inLanguage":"en-US"},{"@type":"Organization","@id":"https:\/\/velezillingworth.com\/#organization","name":"Velez & Illingworth","alternateName":"Derecho Y Justicia Bufete de Abogados S.A.","url":"https:\/\/velezillingworth.com\/","logo":{"@type":"ImageObject","inLanguage":"en-US","@id":"https:\/\/velezillingworth.com\/#\/schema\/logo\/image\/","url":"https:\/\/velezillingworth.com\/wp-content\/uploads\/2025\/12\/derecho-y-jusrticia-logo.jpeg","contentUrl":"https:\/\/velezillingworth.com\/wp-content\/uploads\/2025\/12\/derecho-y-jusrticia-logo.jpeg","width":1024,"height":1024,"caption":"Velez & Illingworth"},"image":{"@id":"https:\/\/velezillingworth.com\/#\/schema\/logo\/image\/"},"sameAs":["https:\/\/www.facebook.com\/velezillingworth\/?locale=es_LA","https:\/\/ec.linkedin.com\/company\/derecho-y-justicia-ec"]}]}},"_links":{"self":[{"href":"https:\/\/velezillingworth.com\/en\/wp-json\/wp\/v2\/pages\/55","targetHints":{"allow":["GET"]}}],"collection":[{"href":"https:\/\/velezillingworth.com\/en\/wp-json\/wp\/v2\/pages"}],"about":[{"href":"https:\/\/velezillingworth.com\/en\/wp-json\/wp\/v2\/types\/page"}],"author":[{"embeddable":true,"href":"https:\/\/velezillingworth.com\/en\/wp-json\/wp\/v2\/users\/1"}],"replies":[{"embeddable":true,"href":"https:\/\/velezillingworth.com\/en\/wp-json\/wp\/v2\/comments?post=55"}],"version-history":[{"count":13,"href":"https:\/\/velezillingworth.com\/en\/wp-json\/wp\/v2\/pages\/55\/revisions"}],"predecessor-version":[{"id":383,"href":"https:\/\/velezillingworth.com\/en\/wp-json\/wp\/v2\/pages\/55\/revisions\/383"}],"wp:featuredmedia":[{"embeddable":true,"href":"https:\/\/velezillingworth.com\/en\/wp-json\/wp\/v2\/media\/276"}],"wp:attachment":[{"href":"https:\/\/velezillingworth.com\/en\/wp-json\/wp\/v2\/media?parent=55"}],"curies":[{"name":"wp","href":"https:\/\/api.w.org\/{rel}","templated":true}]}}